{"id":2968,"date":"2025-09-03T13:46:39","date_gmt":"2025-09-03T13:46:39","guid":{"rendered":"https:\/\/www.apbolsasebrindes.com.br\/?post_type=product&#038;p=2968"},"modified":"2026-02-24T16:35:42","modified_gmt":"2026-02-24T16:35:42","slug":"apmo010-mochila-personalizada-com-sua-marca","status":"publish","type":"product","link":"https:\/\/www.apbolsasebrindes.com.br\/?product=apmo010-mochila-personalizada-com-sua-marca","title":{"rendered":"APMO010 Mochila Personalizada com sua Marca"},"content":{"rendered":"","protected":false},"excerpt":{"rendered":"<p>A mochila sacola personalizada \u00e9 pr\u00e1tica e leve. Seu design encantador traz estampas divertidas de animais em quadrinhos, tornando o acess\u00f3rio \u00fanico e especial. Produzida em tecido resistente, possui cord\u00e3o que serve como fechamento e al\u00e7a para carregar nas costas, sendo ideal para lembrancinhas.<\/p>\n<p>Tamanho aproximado: 30 x 23 cm (medidas aproximadas)<\/p>\n","protected":false},"featured_media":2974,"comment_status":"open","ping_status":"closed","template":"","meta":[],"product_brand":[],"product_cat":[154,159],"product_tag":[],"class_list":{"0":"post-2968","1":"product","2":"type-product","3":"status-publish","4":"has-post-thumbnail","6":"product_cat-bolsas","7":"product_cat-mochila","9":"first","10":"instock","11":"shipping-taxable","12":"product-type-simple"},"_links":{"self":[{"href":"https:\/\/www.apbolsasebrindes.com.br\/index.php?rest_route=\/wp\/v2\/product\/2968","targetHints":{"allow":["GET"]}}],"collection":[{"href":"https:\/\/www.apbolsasebrindes.com.br\/index.php?rest_route=\/wp\/v2\/product"}],"about":[{"href":"https:\/\/www.apbolsasebrindes.com.br\/index.php?rest_route=\/wp\/v2\/types\/product"}],"replies":[{"embeddable":true,"href":"https:\/\/www.apbolsasebrindes.com.br\/index.php?rest_route=%2Fwp%2Fv2%2Fcomments&post=2968"}],"wp:featuredmedia":[{"embeddable":true,"href":"https:\/\/www.apbolsasebrindes.com.br\/index.php?rest_route=\/wp\/v2\/media\/2974"}],"wp:attachment":[{"href":"https:\/\/www.apbolsasebrindes.com.br\/index.php?rest_route=%2Fwp%2Fv2%2Fmedia&parent=2968"}],"wp:term":[{"taxonomy":"product_brand","embeddable":true,"href":"https:\/\/www.apbolsasebrindes.com.br\/index.php?rest_route=%2Fwp%2Fv2%2Fproduct_brand&post=2968"},{"taxonomy":"product_cat","embeddable":true,"href":"https:\/\/www.apbolsasebrindes.com.br\/index.php?rest_route=%2Fwp%2Fv2%2Fproduct_cat&post=2968"},{"taxonomy":"product_tag","embeddable":true,"href":"https:\/\/www.apbolsasebrindes.com.br\/index.php?rest_route=%2Fwp%2Fv2%2Fproduct_tag&post=2968"}],"curies":[{"name":"wp","href":"https:\/\/api.w.org\/{rel}","templated":true}]}}