{"id":2956,"date":"2025-08-23T14:53:04","date_gmt":"2025-08-23T14:53:04","guid":{"rendered":"https:\/\/www.apbolsasebrindes.com.br\/?post_type=product&#038;p=2956"},"modified":"2026-01-28T19:43:35","modified_gmt":"2026-01-28T19:43:35","slug":"apcc019-copo-fibra-de-bambu-350ml","status":"publish","type":"product","link":"https:\/\/www.apbolsasebrindes.com.br\/?product=apcc019-copo-fibra-de-bambu-350ml","title":{"rendered":"APCC019 Copo Fibra de Bambu 350ml"},"content":{"rendered":"","protected":false},"excerpt":{"rendered":"<p>Copo isot\u00e9rmico fibra de bambu .350ml com parede dupla e al\u00e7a. Copo produzido em Polipropileno livre de BPA, possui uma tampa de veda\u00e7\u00e3o rosque\u00e1vel e al\u00e7a de nylon (remov\u00edvel) para transporte. Conserva a temperatura interna durante um per\u00edodo de 1 \u00e0 2 horas, mas n\u00e3o disp\u00f5e de isolamento t\u00e9rmico. O copo pode ser levado a lava-lou\u00e7as, geladeira e micro-ondas.<br \/>\nTamanho: 17 X7,8 X 22 cm (medidas aproximadas)<\/p>\n","protected":false},"featured_media":2975,"comment_status":"open","ping_status":"closed","template":"","meta":[],"product_brand":[],"product_cat":[164],"product_tag":[],"class_list":{"0":"post-2956","1":"product","2":"type-product","3":"status-publish","4":"has-post-thumbnail","6":"product_cat-copos-e-canecas","8":"first","9":"instock","10":"shipping-taxable","11":"product-type-simple"},"_links":{"self":[{"href":"https:\/\/www.apbolsasebrindes.com.br\/index.php?rest_route=\/wp\/v2\/product\/2956","targetHints":{"allow":["GET"]}}],"collection":[{"href":"https:\/\/www.apbolsasebrindes.com.br\/index.php?rest_route=\/wp\/v2\/product"}],"about":[{"href":"https:\/\/www.apbolsasebrindes.com.br\/index.php?rest_route=\/wp\/v2\/types\/product"}],"replies":[{"embeddable":true,"href":"https:\/\/www.apbolsasebrindes.com.br\/index.php?rest_route=%2Fwp%2Fv2%2Fcomments&post=2956"}],"wp:featuredmedia":[{"embeddable":true,"href":"https:\/\/www.apbolsasebrindes.com.br\/index.php?rest_route=\/wp\/v2\/media\/2975"}],"wp:attachment":[{"href":"https:\/\/www.apbolsasebrindes.com.br\/index.php?rest_route=%2Fwp%2Fv2%2Fmedia&parent=2956"}],"wp:term":[{"taxonomy":"product_brand","embeddable":true,"href":"https:\/\/www.apbolsasebrindes.com.br\/index.php?rest_route=%2Fwp%2Fv2%2Fproduct_brand&post=2956"},{"taxonomy":"product_cat","embeddable":true,"href":"https:\/\/www.apbolsasebrindes.com.br\/index.php?rest_route=%2Fwp%2Fv2%2Fproduct_cat&post=2956"},{"taxonomy":"product_tag","embeddable":true,"href":"https:\/\/www.apbolsasebrindes.com.br\/index.php?rest_route=%2Fwp%2Fv2%2Fproduct_tag&post=2956"}],"curies":[{"name":"wp","href":"https:\/\/api.w.org\/{rel}","templated":true}]}}