{"id":2950,"date":"2025-08-22T19:30:47","date_gmt":"2025-08-22T19:30:47","guid":{"rendered":"https:\/\/www.apbolsasebrindes.com.br\/?post_type=product&#038;p=2950"},"modified":"2025-08-22T19:30:48","modified_gmt":"2025-08-22T19:30:48","slug":"apca04-caneta-ecologica-de-bambu","status":"publish","type":"product","link":"https:\/\/www.apbolsasebrindes.com.br\/?product=apca04-caneta-ecologica-de-bambu","title":{"rendered":"APCA04 Caneta Ecol\u00f3gica de Bambu"},"content":{"rendered":"","protected":false},"excerpt":{"rendered":"<p>A nossa caneta ecol\u00f3gica de bambu \u00e9 a op\u00e7\u00e3o perfeita para acompanhar uma rotina repleta de registros. Com um design elegante, ela conta com clipe met\u00e1lico, carga esferogr\u00e1fica azul de 1.0mm e acionamento por clique, unindo praticidade e sustentabilidade. Para torn\u00e1-la ainda mais exclusiva, acompanha um estojo de papel com estampa que imita bambu.<\/p>\n<p>Tamanho: 13,8 X 1,4 cm (medidas aproximadas)<\/p>\n","protected":false},"featured_media":2951,"comment_status":"open","ping_status":"closed","template":"","meta":[],"product_brand":[],"product_cat":[166,165],"product_tag":[],"class_list":{"0":"post-2950","1":"product","2":"type-product","3":"status-publish","4":"has-post-thumbnail","6":"product_cat-caneta-sustentavel","7":"product_cat-canetas","9":"first","10":"instock","11":"shipping-taxable","12":"product-type-simple"},"_links":{"self":[{"href":"https:\/\/www.apbolsasebrindes.com.br\/index.php?rest_route=\/wp\/v2\/product\/2950","targetHints":{"allow":["GET"]}}],"collection":[{"href":"https:\/\/www.apbolsasebrindes.com.br\/index.php?rest_route=\/wp\/v2\/product"}],"about":[{"href":"https:\/\/www.apbolsasebrindes.com.br\/index.php?rest_route=\/wp\/v2\/types\/product"}],"replies":[{"embeddable":true,"href":"https:\/\/www.apbolsasebrindes.com.br\/index.php?rest_route=%2Fwp%2Fv2%2Fcomments&post=2950"}],"wp:featuredmedia":[{"embeddable":true,"href":"https:\/\/www.apbolsasebrindes.com.br\/index.php?rest_route=\/wp\/v2\/media\/2951"}],"wp:attachment":[{"href":"https:\/\/www.apbolsasebrindes.com.br\/index.php?rest_route=%2Fwp%2Fv2%2Fmedia&parent=2950"}],"wp:term":[{"taxonomy":"product_brand","embeddable":true,"href":"https:\/\/www.apbolsasebrindes.com.br\/index.php?rest_route=%2Fwp%2Fv2%2Fproduct_brand&post=2950"},{"taxonomy":"product_cat","embeddable":true,"href":"https:\/\/www.apbolsasebrindes.com.br\/index.php?rest_route=%2Fwp%2Fv2%2Fproduct_cat&post=2950"},{"taxonomy":"product_tag","embeddable":true,"href":"https:\/\/www.apbolsasebrindes.com.br\/index.php?rest_route=%2Fwp%2Fv2%2Fproduct_tag&post=2950"}],"curies":[{"name":"wp","href":"https:\/\/api.w.org\/{rel}","templated":true}]}}