{"id":2869,"date":"2025-05-22T14:57:59","date_gmt":"2025-05-22T14:57:59","guid":{"rendered":"https:\/\/www.apbolsasebrindes.com.br\/?post_type=product&#038;p=2869"},"modified":"2025-05-22T14:57:59","modified_gmt":"2025-05-22T14:57:59","slug":"apes03-espelho-duplo-com-aumento-plastico","status":"publish","type":"product","link":"https:\/\/www.apbolsasebrindes.com.br\/?product=apes03-espelho-duplo-com-aumento-plastico","title":{"rendered":"APES03 Espelho Duplo com Aumento Pl\u00e1stico"},"content":{"rendered":"","protected":false},"excerpt":{"rendered":"<p>Este \u00e9 um espelho duplo vers\u00e1til e sempre pronto para qualquer ocasi\u00e3o. Com moldura em pl\u00e1stico com detalhe ondulado na \u00e1rea da abertura e tampa de formato curvo, conta com dois espelhos, sendo o superior com proje\u00e7\u00e3o normal e o inferior, por sua vez, conta com aumento. Seu design compacto faz com que o espelho seja ideal para levar em bolsas, mochilas, n\u00e9cessaires e malas.<br \/>\nDimens\u00e3o Produto :6,8 X 6,1 cm <\/p>\n","protected":false},"featured_media":2870,"comment_status":"open","ping_status":"closed","template":"","meta":[],"product_brand":[],"product_cat":[182],"product_tag":[],"class_list":{"0":"post-2869","1":"product","2":"type-product","3":"status-publish","4":"has-post-thumbnail","6":"product_cat-espelhos","8":"first","9":"instock","10":"shipping-taxable","11":"product-type-simple"},"_links":{"self":[{"href":"https:\/\/www.apbolsasebrindes.com.br\/index.php?rest_route=\/wp\/v2\/product\/2869","targetHints":{"allow":["GET"]}}],"collection":[{"href":"https:\/\/www.apbolsasebrindes.com.br\/index.php?rest_route=\/wp\/v2\/product"}],"about":[{"href":"https:\/\/www.apbolsasebrindes.com.br\/index.php?rest_route=\/wp\/v2\/types\/product"}],"replies":[{"embeddable":true,"href":"https:\/\/www.apbolsasebrindes.com.br\/index.php?rest_route=%2Fwp%2Fv2%2Fcomments&post=2869"}],"wp:featuredmedia":[{"embeddable":true,"href":"https:\/\/www.apbolsasebrindes.com.br\/index.php?rest_route=\/wp\/v2\/media\/2870"}],"wp:attachment":[{"href":"https:\/\/www.apbolsasebrindes.com.br\/index.php?rest_route=%2Fwp%2Fv2%2Fmedia&parent=2869"}],"wp:term":[{"taxonomy":"product_brand","embeddable":true,"href":"https:\/\/www.apbolsasebrindes.com.br\/index.php?rest_route=%2Fwp%2Fv2%2Fproduct_brand&post=2869"},{"taxonomy":"product_cat","embeddable":true,"href":"https:\/\/www.apbolsasebrindes.com.br\/index.php?rest_route=%2Fwp%2Fv2%2Fproduct_cat&post=2869"},{"taxonomy":"product_tag","embeddable":true,"href":"https:\/\/www.apbolsasebrindes.com.br\/index.php?rest_route=%2Fwp%2Fv2%2Fproduct_tag&post=2869"}],"curies":[{"name":"wp","href":"https:\/\/api.w.org\/{rel}","templated":true}]}}