{"id":2861,"date":"2025-05-22T14:42:02","date_gmt":"2025-05-22T14:42:02","guid":{"rendered":"https:\/\/www.apbolsasebrindes.com.br\/?post_type=product&#038;p=2861"},"modified":"2026-01-29T16:39:18","modified_gmt":"2026-01-29T16:39:18","slug":"apes01-espelho-plastico-retangular-sem-aumento","status":"publish","type":"product","link":"https:\/\/www.apbolsasebrindes.com.br\/?product=apes01-espelho-plastico-retangular-sem-aumento","title":{"rendered":"APES01 Espelho Pl\u00e1stico Retangular"},"content":{"rendered":"","protected":false},"excerpt":{"rendered":"<p>Um espelho no tamanho certo para estar sempre pronto para uso em qualquer situa\u00e7\u00e3o. Com moldura feita inteiramente em pl\u00e1stico liso resistente, este espelho de vidro sem aumento traz uma tampa protetora que pode ser usada como um apoio para mant\u00ea-lo de p\u00e9 em uma superf\u00edcie plana quando inclinada para tr\u00e1s. Seu tamanho e formato garantem mais praticidade para carregar o espelho em bolsos, mochilas, sacolas, bolsas e n\u00e9cessaires.<br \/>\nDimens\u00e3o Produto: 6,5 X 7,5 cm (medidas aproximadas)<\/p>\n","protected":false},"featured_media":2983,"comment_status":"open","ping_status":"closed","template":"","meta":[],"product_brand":[],"product_cat":[182],"product_tag":[],"class_list":{"0":"post-2861","1":"product","2":"type-product","3":"status-publish","4":"has-post-thumbnail","6":"product_cat-espelhos","8":"first","9":"instock","10":"shipping-taxable","11":"product-type-simple"},"_links":{"self":[{"href":"https:\/\/www.apbolsasebrindes.com.br\/index.php?rest_route=\/wp\/v2\/product\/2861","targetHints":{"allow":["GET"]}}],"collection":[{"href":"https:\/\/www.apbolsasebrindes.com.br\/index.php?rest_route=\/wp\/v2\/product"}],"about":[{"href":"https:\/\/www.apbolsasebrindes.com.br\/index.php?rest_route=\/wp\/v2\/types\/product"}],"replies":[{"embeddable":true,"href":"https:\/\/www.apbolsasebrindes.com.br\/index.php?rest_route=%2Fwp%2Fv2%2Fcomments&post=2861"}],"wp:featuredmedia":[{"embeddable":true,"href":"https:\/\/www.apbolsasebrindes.com.br\/index.php?rest_route=\/wp\/v2\/media\/2983"}],"wp:attachment":[{"href":"https:\/\/www.apbolsasebrindes.com.br\/index.php?rest_route=%2Fwp%2Fv2%2Fmedia&parent=2861"}],"wp:term":[{"taxonomy":"product_brand","embeddable":true,"href":"https:\/\/www.apbolsasebrindes.com.br\/index.php?rest_route=%2Fwp%2Fv2%2Fproduct_brand&post=2861"},{"taxonomy":"product_cat","embeddable":true,"href":"https:\/\/www.apbolsasebrindes.com.br\/index.php?rest_route=%2Fwp%2Fv2%2Fproduct_cat&post=2861"},{"taxonomy":"product_tag","embeddable":true,"href":"https:\/\/www.apbolsasebrindes.com.br\/index.php?rest_route=%2Fwp%2Fv2%2Fproduct_tag&post=2861"}],"curies":[{"name":"wp","href":"https:\/\/api.w.org\/{rel}","templated":true}]}}