{"id":2840,"date":"2025-04-08T18:38:04","date_gmt":"2025-04-08T18:38:04","guid":{"rendered":"https:\/\/www.apbolsasebrindes.com.br\/?post_type=product&#038;p=2840"},"modified":"2026-04-30T10:39:22","modified_gmt":"2026-04-30T10:39:22","slug":"apch08-chaveiro-de-metal-abridor","status":"publish","type":"product","link":"https:\/\/www.apbolsasebrindes.com.br\/?product=apch08-chaveiro-de-metal-abridor","title":{"rendered":"APCH08 Chaveiro de Metal Abridor"},"content":{"rendered":"","protected":false},"excerpt":{"rendered":"<p>Este chaveiro de metal no formato retangular possui a pr\u00e1tica fun\u00e7\u00e3o de abridor de garrafa, unindo versatilidade e eleg\u00e2ncia. A frente, com detalhe em bambu, acrescenta um toque natural ao design, enquanto o verso liso complementa o acabamento moderno. Ele \u00e9 ideal para organizar as chaves no dia a dia.<br \/>\nTamanho : 9 X 3 cm (medidas aproximadas)<\/p>\n","protected":false},"featured_media":2837,"comment_status":"open","ping_status":"closed","template":"","meta":{"_joinchat":[]},"product_brand":[],"product_cat":[152,167],"product_tag":[],"class_list":{"0":"post-2840","1":"product","2":"type-product","3":"status-publish","4":"has-post-thumbnail","6":"product_cat-bar-e-bebidas","7":"product_cat-chaveiro","9":"first","10":"instock","11":"shipping-taxable","12":"purchasable","13":"product-type-simple"},"_links":{"self":[{"href":"https:\/\/www.apbolsasebrindes.com.br\/index.php?rest_route=\/wp\/v2\/product\/2840","targetHints":{"allow":["GET"]}}],"collection":[{"href":"https:\/\/www.apbolsasebrindes.com.br\/index.php?rest_route=\/wp\/v2\/product"}],"about":[{"href":"https:\/\/www.apbolsasebrindes.com.br\/index.php?rest_route=\/wp\/v2\/types\/product"}],"replies":[{"embeddable":true,"href":"https:\/\/www.apbolsasebrindes.com.br\/index.php?rest_route=%2Fwp%2Fv2%2Fcomments&post=2840"}],"wp:featuredmedia":[{"embeddable":true,"href":"https:\/\/www.apbolsasebrindes.com.br\/index.php?rest_route=\/wp\/v2\/media\/2837"}],"wp:attachment":[{"href":"https:\/\/www.apbolsasebrindes.com.br\/index.php?rest_route=%2Fwp%2Fv2%2Fmedia&parent=2840"}],"wp:term":[{"taxonomy":"product_brand","embeddable":true,"href":"https:\/\/www.apbolsasebrindes.com.br\/index.php?rest_route=%2Fwp%2Fv2%2Fproduct_brand&post=2840"},{"taxonomy":"product_cat","embeddable":true,"href":"https:\/\/www.apbolsasebrindes.com.br\/index.php?rest_route=%2Fwp%2Fv2%2Fproduct_cat&post=2840"},{"taxonomy":"product_tag","embeddable":true,"href":"https:\/\/www.apbolsasebrindes.com.br\/index.php?rest_route=%2Fwp%2Fv2%2Fproduct_tag&post=2840"}],"curies":[{"name":"wp","href":"https:\/\/api.w.org\/{rel}","templated":true}]}}