{"id":2784,"date":"2025-03-19T10:32:38","date_gmt":"2025-03-19T10:32:38","guid":{"rendered":"https:\/\/www.apbolsasebrindes.com.br\/?post_type=product&#038;p=2784"},"modified":"2026-02-02T12:33:27","modified_gmt":"2026-02-02T12:33:27","slug":"apbc05-bloco-de-anotacao-tamanho-a5","status":"publish","type":"product","link":"https:\/\/www.apbolsasebrindes.com.br\/?product=apbc05-bloco-de-anotacao-tamanho-a5","title":{"rendered":"APBC05 Bloco de Anota\u00e7\u00e3o tamanho A5"},"content":{"rendered":"","protected":false},"excerpt":{"rendered":"<p>Bloco de Anota\u00e7\u00e3o tamanho com 70 folhas em branco e<br \/>\nacabamento em espiral, capa feita com papel glossy 210 g<br \/>\nlaminado.<\/p>\n<p>Tamanho: 14 X 10 cm (medidas aproximadas)<\/p>\n","protected":false},"featured_media":2989,"comment_status":"open","ping_status":"closed","template":"","meta":[],"product_brand":[],"product_cat":[153],"product_tag":[],"class_list":{"0":"post-2784","1":"product","2":"type-product","3":"status-publish","4":"has-post-thumbnail","6":"product_cat-blocos-e-cadernos","8":"first","9":"instock","10":"shipping-taxable","11":"product-type-simple"},"_links":{"self":[{"href":"https:\/\/www.apbolsasebrindes.com.br\/index.php?rest_route=\/wp\/v2\/product\/2784","targetHints":{"allow":["GET"]}}],"collection":[{"href":"https:\/\/www.apbolsasebrindes.com.br\/index.php?rest_route=\/wp\/v2\/product"}],"about":[{"href":"https:\/\/www.apbolsasebrindes.com.br\/index.php?rest_route=\/wp\/v2\/types\/product"}],"replies":[{"embeddable":true,"href":"https:\/\/www.apbolsasebrindes.com.br\/index.php?rest_route=%2Fwp%2Fv2%2Fcomments&post=2784"}],"wp:featuredmedia":[{"embeddable":true,"href":"https:\/\/www.apbolsasebrindes.com.br\/index.php?rest_route=\/wp\/v2\/media\/2989"}],"wp:attachment":[{"href":"https:\/\/www.apbolsasebrindes.com.br\/index.php?rest_route=%2Fwp%2Fv2%2Fmedia&parent=2784"}],"wp:term":[{"taxonomy":"product_brand","embeddable":true,"href":"https:\/\/www.apbolsasebrindes.com.br\/index.php?rest_route=%2Fwp%2Fv2%2Fproduct_brand&post=2784"},{"taxonomy":"product_cat","embeddable":true,"href":"https:\/\/www.apbolsasebrindes.com.br\/index.php?rest_route=%2Fwp%2Fv2%2Fproduct_cat&post=2784"},{"taxonomy":"product_tag","embeddable":true,"href":"https:\/\/www.apbolsasebrindes.com.br\/index.php?rest_route=%2Fwp%2Fv2%2Fproduct_tag&post=2784"}],"curies":[{"name":"wp","href":"https:\/\/api.w.org\/{rel}","templated":true}]}}