{"id":1792,"date":"2022-07-19T19:46:27","date_gmt":"2022-07-19T19:46:27","guid":{"rendered":"http:\/\/www.apbolsasebrindes.com.br\/?post_type=product&#038;p=1792"},"modified":"2026-04-30T10:41:04","modified_gmt":"2026-04-30T10:41:04","slug":"bolsa-termica-retangular-19-litros","status":"publish","type":"product","link":"https:\/\/www.apbolsasebrindes.com.br\/?product=bolsa-termica-retangular-19-litros","title":{"rendered":"AP BT01 Bolsa T\u00e9rmica Retangular 18 litros"},"content":{"rendered":"","protected":false},"excerpt":{"rendered":"<p style=\"color: #333333; font-family: sans-serif, Arial, Verdana, 'Trebuchet MS'; font-size: 13px;\">Bolsa t\u00e9rmica retangular com 19 litros, com parte interna em lamicel 020 soldada, confeccionada em z\u00edper grosso e com 2 al\u00e7as de m\u00e3o feitas de polipropileno.<\/p>\n<p style=\"color: #333333; font-family: sans-serif, Arial, Verdana, 'Trebuchet MS'; font-size: 13px;\"><span style=\"box-sizing: border-box; font-weight: bold; color: #000000; font-family: 'Open Sans', sans-serif; font-size: 20px; background-color: #f7f7f7;\">Dimens\u00e3o Produto:<\/span>40 X 24 X 19 cm (medidas aproximadas)<\/p>\n","protected":false},"featured_media":1947,"comment_status":"open","ping_status":"closed","template":"","meta":{"_joinchat":[]},"product_brand":[],"product_cat":[157],"product_tag":[],"class_list":{"0":"post-1792","1":"product","2":"type-product","3":"status-publish","4":"has-post-thumbnail","6":"product_cat-bolsa-termica","8":"first","9":"instock","10":"shipping-taxable","11":"purchasable","12":"product-type-simple"},"_links":{"self":[{"href":"https:\/\/www.apbolsasebrindes.com.br\/index.php?rest_route=\/wp\/v2\/product\/1792","targetHints":{"allow":["GET"]}}],"collection":[{"href":"https:\/\/www.apbolsasebrindes.com.br\/index.php?rest_route=\/wp\/v2\/product"}],"about":[{"href":"https:\/\/www.apbolsasebrindes.com.br\/index.php?rest_route=\/wp\/v2\/types\/product"}],"replies":[{"embeddable":true,"href":"https:\/\/www.apbolsasebrindes.com.br\/index.php?rest_route=%2Fwp%2Fv2%2Fcomments&post=1792"}],"wp:featuredmedia":[{"embeddable":true,"href":"https:\/\/www.apbolsasebrindes.com.br\/index.php?rest_route=\/wp\/v2\/media\/1947"}],"wp:attachment":[{"href":"https:\/\/www.apbolsasebrindes.com.br\/index.php?rest_route=%2Fwp%2Fv2%2Fmedia&parent=1792"}],"wp:term":[{"taxonomy":"product_brand","embeddable":true,"href":"https:\/\/www.apbolsasebrindes.com.br\/index.php?rest_route=%2Fwp%2Fv2%2Fproduct_brand&post=1792"},{"taxonomy":"product_cat","embeddable":true,"href":"https:\/\/www.apbolsasebrindes.com.br\/index.php?rest_route=%2Fwp%2Fv2%2Fproduct_cat&post=1792"},{"taxonomy":"product_tag","embeddable":true,"href":"https:\/\/www.apbolsasebrindes.com.br\/index.php?rest_route=%2Fwp%2Fv2%2Fproduct_tag&post=1792"}],"curies":[{"name":"wp","href":"https:\/\/api.w.org\/{rel}","templated":true}]}}