{"id":1485,"date":"2020-06-29T18:42:54","date_gmt":"2020-06-29T18:42:54","guid":{"rendered":"http:\/\/www.apbolsasebrindes.com.br\/?post_type=product&#038;p=1485"},"modified":"2025-03-20T10:49:51","modified_gmt":"2025-03-20T10:49:51","slug":"ap-bt-009-bolsa-termica-duas-reparticoes","status":"publish","type":"product","link":"https:\/\/www.apbolsasebrindes.com.br\/?product=ap-bt-009-bolsa-termica-duas-reparticoes","title":{"rendered":"AP BT03 Bolsa T\u00e9rmica com duas Reparti\u00e7\u00f5es"},"content":{"rendered":"","protected":false},"excerpt":{"rendered":"<p>\n\tBolsa T&eacute;rmica Lona Linho Jeans com duas reparti&ccedil;&otilde;es.\n<\/p>\n<p>\n\t2 al&ccedil;as, uma de m&atilde;o e a outra de ombro, ambas feitas em polipropileno.\n<\/p>\n<p>\n\t<strong style=\"color: rgb(0, 0, 0); box-sizing: border-box; font-family: &quot;Open Sans&quot;, sans-serif; font-size: 20px; background-color: rgb(247, 247, 247);\">Dimens&atilde;o Produto:<\/strong><span style=\"color: rgb(0, 0, 0); font-size: 14px; font-family: &quot;Open Sans&quot;, sans-serif; background-color: rgb(247, 247, 247);\">&nbsp; 23 x 29 x 16 cm (medidas aproximadas)<\/span>\n<\/p>\n<p>\n\t&nbsp;<\/p>\n","protected":false},"featured_media":2791,"comment_status":"open","ping_status":"closed","template":"","meta":[],"product_brand":[],"product_cat":[157],"product_tag":[],"class_list":{"0":"post-1485","1":"product","2":"type-product","3":"status-publish","4":"has-post-thumbnail","6":"product_cat-bolsa-termica","8":"first","9":"instock","10":"shipping-taxable","11":"product-type-simple"},"_links":{"self":[{"href":"https:\/\/www.apbolsasebrindes.com.br\/index.php?rest_route=\/wp\/v2\/product\/1485","targetHints":{"allow":["GET"]}}],"collection":[{"href":"https:\/\/www.apbolsasebrindes.com.br\/index.php?rest_route=\/wp\/v2\/product"}],"about":[{"href":"https:\/\/www.apbolsasebrindes.com.br\/index.php?rest_route=\/wp\/v2\/types\/product"}],"replies":[{"embeddable":true,"href":"https:\/\/www.apbolsasebrindes.com.br\/index.php?rest_route=%2Fwp%2Fv2%2Fcomments&post=1485"}],"wp:featuredmedia":[{"embeddable":true,"href":"https:\/\/www.apbolsasebrindes.com.br\/index.php?rest_route=\/wp\/v2\/media\/2791"}],"wp:attachment":[{"href":"https:\/\/www.apbolsasebrindes.com.br\/index.php?rest_route=%2Fwp%2Fv2%2Fmedia&parent=1485"}],"wp:term":[{"taxonomy":"product_brand","embeddable":true,"href":"https:\/\/www.apbolsasebrindes.com.br\/index.php?rest_route=%2Fwp%2Fv2%2Fproduct_brand&post=1485"},{"taxonomy":"product_cat","embeddable":true,"href":"https:\/\/www.apbolsasebrindes.com.br\/index.php?rest_route=%2Fwp%2Fv2%2Fproduct_cat&post=1485"},{"taxonomy":"product_tag","embeddable":true,"href":"https:\/\/www.apbolsasebrindes.com.br\/index.php?rest_route=%2Fwp%2Fv2%2Fproduct_tag&post=1485"}],"curies":[{"name":"wp","href":"https:\/\/api.w.org\/{rel}","templated":true}]}}